{"id":1293,"date":"2025-03-11T13:24:22","date_gmt":"2025-03-11T19:24:22","guid":{"rendered":"https:\/\/industrialequilab.com\/newsite\/?page_id=1293"},"modified":"2025-03-11T13:37:58","modified_gmt":"2025-03-11T19:37:58","slug":"arcoten","status":"publish","type":"page","link":"https:\/\/industrialequilab.com\/newsite\/arcoten\/","title":{"rendered":"ARCOTEN"},"content":{"rendered":"\t\t<div data-elementor-type=\"wp-page\" data-elementor-id=\"1293\" class=\"elementor elementor-1293\">\n\t\t\t\t<div class=\"elementor-element elementor-element-69a6d6e e-flex e-con-boxed e-con e-parent\" data-id=\"69a6d6e\" data-element_type=\"container\" data-settings=\"{&quot;jet_parallax_layout_list&quot;:[]}\">\n\t\t\t\t\t<div class=\"e-con-inner\">\n\t\t\t\t<div class=\"elementor-element elementor-element-16d6a3d elementor-widget elementor-widget-text-editor\" data-id=\"16d6a3d\" data-element_type=\"widget\" data-widget_type=\"text-editor.default\">\n\t\t\t\t<div class=\"elementor-widget-container\">\n\t\t\t\t\t\t\t\t\t<p>L\u00ednea <strong>Arcoten<\/strong> cuidado automotriz b\u00e1sico. Champ\u00fa para veh\u00edculos y abrillantador de superficies.<\/p>\t\t\t\t\t\t\t\t<\/div>\n\t\t\t\t<\/div>\n\t\t\t\t\t<\/div>\n\t\t\t\t<\/div>\n\t\t<div class=\"elementor-element elementor-element-f2abf24 e-flex e-con-boxed e-con e-parent\" data-id=\"f2abf24\" data-element_type=\"container\" data-settings=\"{&quot;jet_parallax_layout_list&quot;:[]}\">\n\t\t\t\t\t<div class=\"e-con-inner\">\n\t\t<div class=\"elementor-element elementor-element-a05d093 e-con-full e-flex e-con e-child\" data-id=\"a05d093\" data-element_type=\"container\" data-settings=\"{&quot;jet_parallax_layout_list&quot;:[]}\">\n\t\t\t\t<div class=\"elementor-element elementor-element-9857598 elementor-widget elementor-widget-image\" data-id=\"9857598\" data-element_type=\"widget\" data-widget_type=\"image.default\">\n\t\t\t\t<div class=\"elementor-widget-container\">\n\t\t\t\t\t\t\t\t\t\t\t\t\t\t\t<img fetchpriority=\"high\" decoding=\"async\" width=\"940\" height=\"528\" src=\"https:\/\/industrialequilab.com\/newsite\/wp-content\/uploads\/2025\/03\/e2bf3b11df0b872112757f1c2fee6e32-1.jpg\" class=\"attachment-large size-large wp-image-1295\" alt=\"\" srcset=\"https:\/\/industrialequilab.com\/newsite\/wp-content\/uploads\/2025\/03\/e2bf3b11df0b872112757f1c2fee6e32-1.jpg 940w, https:\/\/industrialequilab.com\/newsite\/wp-content\/uploads\/2025\/03\/e2bf3b11df0b872112757f1c2fee6e32-1-300x169.jpg 300w, https:\/\/industrialequilab.com\/newsite\/wp-content\/uploads\/2025\/03\/e2bf3b11df0b872112757f1c2fee6e32-1-768x431.jpg 768w, https:\/\/industrialequilab.com\/newsite\/wp-content\/uploads\/2025\/03\/e2bf3b11df0b872112757f1c2fee6e32-1-150x85.jpg 150w, https:\/\/industrialequilab.com\/newsite\/wp-content\/uploads\/2025\/03\/e2bf3b11df0b872112757f1c2fee6e32-1-600x337.jpg 600w, https:\/\/industrialequilab.com\/newsite\/wp-content\/uploads\/2025\/03\/e2bf3b11df0b872112757f1c2fee6e32-1-400x225.jpg 400w\" sizes=\"(max-width: 940px) 100vw, 940px\" \/>\t\t\t\t\t\t\t\t\t\t\t\t\t\t\t<\/div>\n\t\t\t\t<\/div>\n\t\t\t\t<\/div>\n\t\t<div class=\"elementor-element elementor-element-bd4a51d e-con-full e-flex e-con e-child\" data-id=\"bd4a51d\" data-element_type=\"container\" data-settings=\"{&quot;jet_parallax_layout_list&quot;:[]}\">\n\t\t\t\t<div class=\"elementor-element elementor-element-d8b7658 elementor-widget elementor-widget-heading\" data-id=\"d8b7658\" data-element_type=\"widget\" data-widget_type=\"heading.default\">\n\t\t\t\t<div class=\"elementor-widget-container\">\n\t\t\t\t\t<h4 class=\"elementor-heading-title elementor-size-default\">PRODUCTOS<\/h4>\t\t\t\t<\/div>\n\t\t\t\t<\/div>\n\t\t\t\t<div class=\"elementor-element elementor-element-445fe95 elementor-widget elementor-widget-text-editor\" data-id=\"445fe95\" data-element_type=\"widget\" data-widget_type=\"text-editor.default\">\n\t\t\t\t<div class=\"elementor-widget-container\">\n\t\t\t\t\t\t\t\t\t<ul><li>Abrillantador de Superficies 230ml<\/li><li>Abrillantador de Superficies Gal\u00f3n<\/li><li>Champ\u00fa para Carros Gal\u00f3n<\/li><\/ul>\t\t\t\t\t\t\t\t<\/div>\n\t\t\t\t<\/div>\n\t\t\t\t<\/div>\n\t\t\t\t\t<\/div>\n\t\t\t\t<\/div>\n\t\t\t\t<\/div>\n\t\t","protected":false},"excerpt":{"rendered":"<p>L\u00ednea Arcoten cuidado automotriz b\u00e1sico. Champ\u00fa para veh\u00edculos y abrillantador de superficies. PRODUCTOS Abrillantador de Superficies 230ml Abrillantador de Superficies Gal\u00f3n Champ\u00fa para Carros Gal\u00f3n<\/p>\n","protected":false},"author":1,"featured_media":0,"parent":0,"menu_order":0,"comment_status":"closed","ping_status":"closed","template":"","meta":{"footnotes":""},"class_list":["post-1293","page","type-page","status-publish","hentry"],"_links":{"self":[{"href":"https:\/\/industrialequilab.com\/newsite\/wp-json\/wp\/v2\/pages\/1293","targetHints":{"allow":["GET"]}}],"collection":[{"href":"https:\/\/industrialequilab.com\/newsite\/wp-json\/wp\/v2\/pages"}],"about":[{"href":"https:\/\/industrialequilab.com\/newsite\/wp-json\/wp\/v2\/types\/page"}],"author":[{"embeddable":true,"href":"https:\/\/industrialequilab.com\/newsite\/wp-json\/wp\/v2\/users\/1"}],"replies":[{"embeddable":true,"href":"https:\/\/industrialequilab.com\/newsite\/wp-json\/wp\/v2\/comments?post=1293"}],"version-history":[{"count":7,"href":"https:\/\/industrialequilab.com\/newsite\/wp-json\/wp\/v2\/pages\/1293\/revisions"}],"predecessor-version":[{"id":1313,"href":"https:\/\/industrialequilab.com\/newsite\/wp-json\/wp\/v2\/pages\/1293\/revisions\/1313"}],"wp:attachment":[{"href":"https:\/\/industrialequilab.com\/newsite\/wp-json\/wp\/v2\/media?parent=1293"}],"curies":[{"name":"wp","href":"https:\/\/api.w.org\/{rel}","templated":true}]}}