{"id":1299,"date":"2025-03-11T13:31:48","date_gmt":"2025-03-11T19:31:48","guid":{"rendered":"https:\/\/industrialequilab.com\/newsite\/?page_id=1299"},"modified":"2025-03-11T13:38:06","modified_gmt":"2025-03-11T19:38:06","slug":"acibril","status":"publish","type":"page","link":"https:\/\/industrialequilab.com\/newsite\/acibril\/","title":{"rendered":"ACIBRIL"},"content":{"rendered":"\t\t<div data-elementor-type=\"wp-page\" data-elementor-id=\"1299\" class=\"elementor elementor-1299\">\n\t\t\t\t<div class=\"elementor-element elementor-element-69a6d6e e-flex e-con-boxed e-con e-parent\" data-id=\"69a6d6e\" data-element_type=\"container\" data-settings=\"{&quot;jet_parallax_layout_list&quot;:[]}\">\n\t\t\t\t\t<div class=\"e-con-inner\">\n\t\t\t\t<div class=\"elementor-element elementor-element-16d6a3d elementor-widget elementor-widget-text-editor\" data-id=\"16d6a3d\" data-element_type=\"widget\" data-widget_type=\"text-editor.default\">\n\t\t\t\t<div class=\"elementor-widget-container\">\n\t\t\t\t\t\t\t\t\t<p><strong>Nuestro producto estrella.<\/strong> Mercado meta: su cocina. Misi\u00f3n: dejar todo lo que toca brillante de limpieza.<\/p><p>L\u00ednea de productos para todos los gustos: lavaplatos en crema, lavaplatos l\u00edquido, detergente en barra, limpiador multiprop\u00f3sito, limpiador de cristales. <strong>\u00a1Compru\u00e9belo!<\/strong> No por casualidad somos l\u00edderes del mercado nacional.<\/p>\t\t\t\t\t\t\t\t<\/div>\n\t\t\t\t<\/div>\n\t\t\t\t\t<\/div>\n\t\t\t\t<\/div>\n\t\t<div class=\"elementor-element elementor-element-f2abf24 e-flex e-con-boxed e-con e-parent\" data-id=\"f2abf24\" data-element_type=\"container\" data-settings=\"{&quot;jet_parallax_layout_list&quot;:[]}\">\n\t\t\t\t\t<div class=\"e-con-inner\">\n\t\t<div class=\"elementor-element elementor-element-a05d093 e-con-full e-flex e-con e-child\" data-id=\"a05d093\" data-element_type=\"container\" data-settings=\"{&quot;jet_parallax_layout_list&quot;:[]}\">\n\t\t\t\t<div class=\"elementor-element elementor-element-9857598 elementor-widget elementor-widget-image\" data-id=\"9857598\" data-element_type=\"widget\" data-widget_type=\"image.default\">\n\t\t\t\t<div class=\"elementor-widget-container\">\n\t\t\t\t\t\t\t\t\t\t\t\t\t\t\t<img fetchpriority=\"high\" decoding=\"async\" width=\"1024\" height=\"683\" src=\"https:\/\/industrialequilab.com\/newsite\/wp-content\/uploads\/2025\/03\/233826a67be66a810b23a263230da62e-2-1024x683-1.jpg\" class=\"attachment-large size-large wp-image-1300\" alt=\"\" srcset=\"https:\/\/industrialequilab.com\/newsite\/wp-content\/uploads\/2025\/03\/233826a67be66a810b23a263230da62e-2-1024x683-1.jpg 1024w, https:\/\/industrialequilab.com\/newsite\/wp-content\/uploads\/2025\/03\/233826a67be66a810b23a263230da62e-2-1024x683-1-300x200.jpg 300w, https:\/\/industrialequilab.com\/newsite\/wp-content\/uploads\/2025\/03\/233826a67be66a810b23a263230da62e-2-1024x683-1-768x512.jpg 768w, https:\/\/industrialequilab.com\/newsite\/wp-content\/uploads\/2025\/03\/233826a67be66a810b23a263230da62e-2-1024x683-1-600x400.jpg 600w, https:\/\/industrialequilab.com\/newsite\/wp-content\/uploads\/2025\/03\/233826a67be66a810b23a263230da62e-2-1024x683-1-400x267.jpg 400w\" sizes=\"(max-width: 1024px) 100vw, 1024px\" \/>\t\t\t\t\t\t\t\t\t\t\t\t\t\t\t<\/div>\n\t\t\t\t<\/div>\n\t\t\t\t<\/div>\n\t\t<div class=\"elementor-element elementor-element-bd4a51d e-con-full e-flex e-con e-child\" data-id=\"bd4a51d\" data-element_type=\"container\" data-settings=\"{&quot;jet_parallax_layout_list&quot;:[]}\">\n\t\t\t\t<div class=\"elementor-element elementor-element-d8b7658 elementor-widget elementor-widget-heading\" data-id=\"d8b7658\" data-element_type=\"widget\" data-widget_type=\"heading.default\">\n\t\t\t\t<div class=\"elementor-widget-container\">\n\t\t\t\t\t<h4 class=\"elementor-heading-title elementor-size-default\">PRODUCTOS<\/h4>\t\t\t\t<\/div>\n\t\t\t\t<\/div>\n\t\t\t\t<div class=\"elementor-element elementor-element-445fe95 elementor-widget elementor-widget-text-editor\" data-id=\"445fe95\" data-element_type=\"widget\" data-widget_type=\"text-editor.default\">\n\t\t\t\t<div class=\"elementor-widget-container\">\n\t\t\t\t\t\t\t\t\t<ul><li id=\"item-177\" class=\"firstItem\">Lavaplatos L\u00edquido<\/li><li id=\"item-178\">Crema lavaplatos<\/li><li id=\"item-317\" class=\"lastItem\">Detergente en barra<\/li><\/ul>\t\t\t\t\t\t\t\t<\/div>\n\t\t\t\t<\/div>\n\t\t\t\t<\/div>\n\t\t\t\t\t<\/div>\n\t\t\t\t<\/div>\n\t\t\t\t<\/div>\n\t\t","protected":false},"excerpt":{"rendered":"<p>Nuestro producto estrella. Mercado meta: su cocina. Misi\u00f3n: dejar todo lo que toca brillante de limpieza. L\u00ednea de productos para todos los gustos: lavaplatos en crema, lavaplatos l\u00edquido, detergente en barra, limpiador multiprop\u00f3sito, limpiador de cristales. \u00a1Compru\u00e9belo! No por casualidad somos l\u00edderes del mercado nacional. PRODUCTOS Lavaplatos L\u00edquido Crema lavaplatos Detergente en barra<\/p>\n","protected":false},"author":1,"featured_media":0,"parent":0,"menu_order":0,"comment_status":"closed","ping_status":"closed","template":"","meta":{"footnotes":""},"class_list":["post-1299","page","type-page","status-publish","hentry"],"_links":{"self":[{"href":"https:\/\/industrialequilab.com\/newsite\/wp-json\/wp\/v2\/pages\/1299","targetHints":{"allow":["GET"]}}],"collection":[{"href":"https:\/\/industrialequilab.com\/newsite\/wp-json\/wp\/v2\/pages"}],"about":[{"href":"https:\/\/industrialequilab.com\/newsite\/wp-json\/wp\/v2\/types\/page"}],"author":[{"embeddable":true,"href":"https:\/\/industrialequilab.com\/newsite\/wp-json\/wp\/v2\/users\/1"}],"replies":[{"embeddable":true,"href":"https:\/\/industrialequilab.com\/newsite\/wp-json\/wp\/v2\/comments?post=1299"}],"version-history":[{"count":7,"href":"https:\/\/industrialequilab.com\/newsite\/wp-json\/wp\/v2\/pages\/1299\/revisions"}],"predecessor-version":[{"id":1316,"href":"https:\/\/industrialequilab.com\/newsite\/wp-json\/wp\/v2\/pages\/1299\/revisions\/1316"}],"wp:attachment":[{"href":"https:\/\/industrialequilab.com\/newsite\/wp-json\/wp\/v2\/media?parent=1299"}],"curies":[{"name":"wp","href":"https:\/\/api.w.org\/{rel}","templated":true}]}}