{"id":1305,"date":"2025-03-11T13:36:08","date_gmt":"2025-03-11T19:36:08","guid":{"rendered":"https:\/\/industrialequilab.com\/newsite\/?page_id=1305"},"modified":"2025-03-11T13:37:34","modified_gmt":"2025-03-11T19:37:34","slug":"aquakleen","status":"publish","type":"page","link":"https:\/\/industrialequilab.com\/newsite\/aquakleen\/","title":{"rendered":"AQUAKLEEN"},"content":{"rendered":"\t\t<div data-elementor-type=\"wp-page\" data-elementor-id=\"1305\" class=\"elementor elementor-1305\">\n\t\t\t\t<div class=\"elementor-element elementor-element-69a6d6e e-flex e-con-boxed e-con e-parent\" data-id=\"69a6d6e\" data-element_type=\"container\" data-settings=\"{&quot;jet_parallax_layout_list&quot;:[]}\">\n\t\t\t\t\t<div class=\"e-con-inner\">\n\t\t\t\t<div class=\"elementor-element elementor-element-16d6a3d elementor-widget elementor-widget-text-editor\" data-id=\"16d6a3d\" data-element_type=\"widget\" data-widget_type=\"text-editor.default\">\n\t\t\t\t<div class=\"elementor-widget-container\">\n\t\t\t\t\t\t\t\t\t<p>Nuestra l\u00ednea de <strong>productos<\/strong> <strong>biodegradables<\/strong> no solo se integra y desaparece r\u00e1pidamente del ambiente, tambi\u00e9n tiene la capacidad de ser descompuesta en tanques de tratamiento de aguas.<\/p>\t\t\t\t\t\t\t\t<\/div>\n\t\t\t\t<\/div>\n\t\t\t\t\t<\/div>\n\t\t\t\t<\/div>\n\t\t<div class=\"elementor-element elementor-element-f2abf24 e-flex e-con-boxed e-con e-parent\" data-id=\"f2abf24\" data-element_type=\"container\" data-settings=\"{&quot;jet_parallax_layout_list&quot;:[]}\">\n\t\t\t\t\t<div class=\"e-con-inner\">\n\t\t<div class=\"elementor-element elementor-element-a05d093 e-con-full e-flex e-con e-child\" data-id=\"a05d093\" data-element_type=\"container\" data-settings=\"{&quot;jet_parallax_layout_list&quot;:[]}\">\n\t\t\t\t<div class=\"elementor-element elementor-element-9857598 elementor-widget elementor-widget-image\" data-id=\"9857598\" data-element_type=\"widget\" data-widget_type=\"image.default\">\n\t\t\t\t<div class=\"elementor-widget-container\">\n\t\t\t\t\t\t\t\t\t\t\t\t\t\t\t<img fetchpriority=\"high\" decoding=\"async\" width=\"518\" height=\"290\" src=\"https:\/\/industrialequilab.com\/newsite\/wp-content\/uploads\/2025\/03\/b6d7090a321aeca0f529ab265a288b1b.jpg\" class=\"attachment-large size-large wp-image-1307\" alt=\"\" srcset=\"https:\/\/industrialequilab.com\/newsite\/wp-content\/uploads\/2025\/03\/b6d7090a321aeca0f529ab265a288b1b.jpg 518w, https:\/\/industrialequilab.com\/newsite\/wp-content\/uploads\/2025\/03\/b6d7090a321aeca0f529ab265a288b1b-300x168.jpg 300w, https:\/\/industrialequilab.com\/newsite\/wp-content\/uploads\/2025\/03\/b6d7090a321aeca0f529ab265a288b1b-150x85.jpg 150w, https:\/\/industrialequilab.com\/newsite\/wp-content\/uploads\/2025\/03\/b6d7090a321aeca0f529ab265a288b1b-400x224.jpg 400w\" sizes=\"(max-width: 518px) 100vw, 518px\" \/>\t\t\t\t\t\t\t\t\t\t\t\t\t\t\t<\/div>\n\t\t\t\t<\/div>\n\t\t\t\t<\/div>\n\t\t<div class=\"elementor-element elementor-element-bd4a51d e-con-full e-flex e-con e-child\" data-id=\"bd4a51d\" data-element_type=\"container\" data-settings=\"{&quot;jet_parallax_layout_list&quot;:[]}\">\n\t\t\t\t<div class=\"elementor-element elementor-element-d8b7658 elementor-widget elementor-widget-heading\" data-id=\"d8b7658\" data-element_type=\"widget\" data-widget_type=\"heading.default\">\n\t\t\t\t<div class=\"elementor-widget-container\">\n\t\t\t\t\t<h4 class=\"elementor-heading-title elementor-size-default\">PRODUCTOS<\/h4>\t\t\t\t<\/div>\n\t\t\t\t<\/div>\n\t\t\t\t<div class=\"elementor-element elementor-element-445fe95 elementor-widget elementor-widget-text-editor\" data-id=\"445fe95\" data-element_type=\"widget\" data-widget_type=\"text-editor.default\">\n\t\t\t\t<div class=\"elementor-widget-container\">\n\t\t\t\t\t\t\t\t\t<ul><li id=\"item-334\" class=\"firstItem\">Cloro L\u00edquido Aquakleen<a href=\"https:\/\/industrialequilab.com\/wp\/?page_id=15482\"><br \/><\/a><\/li><li class=\"firstItem\">Detergente L\u00edquido Aquakleen<\/li><li class=\"firstItem\">Limpiador Quitamanchas Aquakleen<\/li><li class=\"firstItem\">Limpiador multiuso Aquakleen<\/li><li class=\"firstItem\">Reforzador Aquakleen<\/li><li class=\"firstItem\">Suavizante para ropa Aquakleen<\/li><li class=\"firstItem\">Detergente en polvo Aquaklee<\/li><\/ul>\t\t\t\t\t\t\t\t<\/div>\n\t\t\t\t<\/div>\n\t\t\t\t<\/div>\n\t\t\t\t\t<\/div>\n\t\t\t\t<\/div>\n\t\t<div class=\"elementor-element elementor-element-9b301bd e-flex e-con-boxed e-con e-parent\" data-id=\"9b301bd\" data-element_type=\"container\" data-settings=\"{&quot;jet_parallax_layout_list&quot;:[]}\">\n\t\t\t\t\t<div class=\"e-con-inner\">\n\t\t\t\t<div class=\"elementor-element elementor-element-a1e6175 elementor-widget elementor-widget-text-editor\" data-id=\"a1e6175\" data-element_type=\"widget\" data-widget_type=\"text-editor.default\">\n\t\t\t\t<div class=\"elementor-widget-container\">\n\t\t\t\t\t\t\t\t\t<p>L\u00ednea de productos institucionales <strong>Amigables con el Ambiente.<\/strong><\/p><p>Un producto biodegradable es el que tiene la habilidad de romperse de forma segura y r\u00e1pida dentro de los elementos del ambiente y desaparecer.<\/p>\t\t\t\t\t\t\t\t<\/div>\n\t\t\t\t<\/div>\n\t\t\t\t\t<\/div>\n\t\t\t\t<\/div>\n\t\t\t\t<\/div>\n\t\t","protected":false},"excerpt":{"rendered":"<p>Nuestra l\u00ednea de productos biodegradables no solo se integra y desaparece r\u00e1pidamente del ambiente, tambi\u00e9n tiene la capacidad de ser descompuesta en tanques de tratamiento de aguas. PRODUCTOS Cloro L\u00edquido Aquakleen Detergente L\u00edquido Aquakleen Limpiador Quitamanchas Aquakleen Limpiador multiuso Aquakleen Reforzador Aquakleen Suavizante para ropa Aquakleen Detergente en polvo Aquaklee L\u00ednea de productos institucionales Amigables [&hellip;]<\/p>\n","protected":false},"author":1,"featured_media":0,"parent":0,"menu_order":0,"comment_status":"closed","ping_status":"closed","template":"","meta":{"footnotes":""},"class_list":["post-1305","page","type-page","status-publish","hentry"],"_links":{"self":[{"href":"https:\/\/industrialequilab.com\/newsite\/wp-json\/wp\/v2\/pages\/1305","targetHints":{"allow":["GET"]}}],"collection":[{"href":"https:\/\/industrialequilab.com\/newsite\/wp-json\/wp\/v2\/pages"}],"about":[{"href":"https:\/\/industrialequilab.com\/newsite\/wp-json\/wp\/v2\/types\/page"}],"author":[{"embeddable":true,"href":"https:\/\/industrialequilab.com\/newsite\/wp-json\/wp\/v2\/users\/1"}],"replies":[{"embeddable":true,"href":"https:\/\/industrialequilab.com\/newsite\/wp-json\/wp\/v2\/comments?post=1305"}],"version-history":[{"count":4,"href":"https:\/\/industrialequilab.com\/newsite\/wp-json\/wp\/v2\/pages\/1305\/revisions"}],"predecessor-version":[{"id":1310,"href":"https:\/\/industrialequilab.com\/newsite\/wp-json\/wp\/v2\/pages\/1305\/revisions\/1310"}],"wp:attachment":[{"href":"https:\/\/industrialequilab.com\/newsite\/wp-json\/wp\/v2\/media?parent=1305"}],"curies":[{"name":"wp","href":"https:\/\/api.w.org\/{rel}","templated":true}]}}