{"id":1323,"date":"2025-03-11T13:40:38","date_gmt":"2025-03-11T19:40:38","guid":{"rendered":"https:\/\/industrialequilab.com\/newsite\/?page_id=1323"},"modified":"2025-03-11T13:41:41","modified_gmt":"2025-03-11T19:41:41","slug":"duty","status":"publish","type":"page","link":"https:\/\/industrialequilab.com\/newsite\/duty\/","title":{"rendered":"DUTY"},"content":{"rendered":"\t\t<div data-elementor-type=\"wp-page\" data-elementor-id=\"1323\" class=\"elementor elementor-1323\">\n\t\t\t\t<div class=\"elementor-element elementor-element-69a6d6e e-flex e-con-boxed e-con e-parent\" data-id=\"69a6d6e\" data-element_type=\"container\" data-settings=\"{&quot;jet_parallax_layout_list&quot;:[]}\">\n\t\t\t\t\t<div class=\"e-con-inner\">\n\t\t\t\t<div class=\"elementor-element elementor-element-16d6a3d elementor-widget elementor-widget-text-editor\" data-id=\"16d6a3d\" data-element_type=\"widget\" data-widget_type=\"text-editor.default\">\n\t\t\t\t<div class=\"elementor-widget-container\">\n\t\t\t\t\t\t\t\t\t<p><strong>L\u00ednea Duty institucional y de food service.<\/strong> La l\u00ednea m\u00e1s completa, al alcance de sus manos.<\/p><p>Cera liquida, champ\u00fa para carros, cloro, desinfectante libre de nonil phenol, detergente l\u00edquido, detergente en polvo, limpiador de cer\u00e1mica, limpiador de vidrios, limpiador m\u00faltiple, desengrasante, crema para mec\u00e1nicos, jab\u00f3n l\u00edquido para manos, abrillantador de superficies, etc.<\/p>\t\t\t\t\t\t\t\t<\/div>\n\t\t\t\t<\/div>\n\t\t\t\t\t<\/div>\n\t\t\t\t<\/div>\n\t\t<div class=\"elementor-element elementor-element-f2abf24 e-flex e-con-boxed e-con e-parent\" data-id=\"f2abf24\" data-element_type=\"container\" data-settings=\"{&quot;jet_parallax_layout_list&quot;:[]}\">\n\t\t\t\t\t<div class=\"e-con-inner\">\n\t\t<div class=\"elementor-element elementor-element-a05d093 e-con-full e-flex e-con e-child\" data-id=\"a05d093\" data-element_type=\"container\" data-settings=\"{&quot;jet_parallax_layout_list&quot;:[]}\">\n\t\t\t\t<div class=\"elementor-element elementor-element-9857598 elementor-widget elementor-widget-image\" data-id=\"9857598\" data-element_type=\"widget\" data-widget_type=\"image.default\">\n\t\t\t\t<div class=\"elementor-widget-container\">\n\t\t\t\t\t\t\t\t\t\t\t\t\t\t\t<img fetchpriority=\"high\" decoding=\"async\" width=\"940\" height=\"528\" src=\"https:\/\/industrialequilab.com\/newsite\/wp-content\/uploads\/2025\/03\/9b2c4b44fb86522964124ed80d03c5e8.jpg\" class=\"attachment-large size-large wp-image-1325\" alt=\"\" srcset=\"https:\/\/industrialequilab.com\/newsite\/wp-content\/uploads\/2025\/03\/9b2c4b44fb86522964124ed80d03c5e8.jpg 940w, https:\/\/industrialequilab.com\/newsite\/wp-content\/uploads\/2025\/03\/9b2c4b44fb86522964124ed80d03c5e8-300x169.jpg 300w, https:\/\/industrialequilab.com\/newsite\/wp-content\/uploads\/2025\/03\/9b2c4b44fb86522964124ed80d03c5e8-768x431.jpg 768w, https:\/\/industrialequilab.com\/newsite\/wp-content\/uploads\/2025\/03\/9b2c4b44fb86522964124ed80d03c5e8-150x85.jpg 150w, https:\/\/industrialequilab.com\/newsite\/wp-content\/uploads\/2025\/03\/9b2c4b44fb86522964124ed80d03c5e8-600x337.jpg 600w, https:\/\/industrialequilab.com\/newsite\/wp-content\/uploads\/2025\/03\/9b2c4b44fb86522964124ed80d03c5e8-400x225.jpg 400w\" sizes=\"(max-width: 940px) 100vw, 940px\" \/>\t\t\t\t\t\t\t\t\t\t\t\t\t\t\t<\/div>\n\t\t\t\t<\/div>\n\t\t\t\t<\/div>\n\t\t<div class=\"elementor-element elementor-element-bd4a51d e-con-full e-flex e-con e-child\" data-id=\"bd4a51d\" data-element_type=\"container\" data-settings=\"{&quot;jet_parallax_layout_list&quot;:[]}\">\n\t\t\t\t<div class=\"elementor-element elementor-element-d8b7658 elementor-widget elementor-widget-heading\" data-id=\"d8b7658\" data-element_type=\"widget\" data-widget_type=\"heading.default\">\n\t\t\t\t<div class=\"elementor-widget-container\">\n\t\t\t\t\t<h4 class=\"elementor-heading-title elementor-size-default\">PRODUCTOS<\/h4>\t\t\t\t<\/div>\n\t\t\t\t<\/div>\n\t\t\t\t<div class=\"elementor-element elementor-element-445fe95 elementor-widget elementor-widget-text-editor\" data-id=\"445fe95\" data-element_type=\"widget\" data-widget_type=\"text-editor.default\">\n\t\t\t\t<div class=\"elementor-widget-container\">\n\t\t\t\t\t\t\t\t\t<ul><li id=\"item-318\" class=\"firstItem\">Suavizante Gal\u00f3n<\/li><li id=\"item-319\">Limpiador de Vidrios Gal\u00f3n<\/li><li id=\"item-320\">Limpiador Multiuso Gal\u00f3n<\/li><li id=\"item-321\">Silic\u00f3n Abrillantador de Superficies Gal\u00f3n<\/li><li id=\"item-322\">Lavaplatos L\u00edquido Gal\u00f3n<\/li><li id=\"item-323\">Lavaplatos Duty 1000g<\/li><li id=\"item-324\">Jab\u00f3n de Manos Gal\u00f3n<\/li><li id=\"item-325\">Crema para Mec\u00e1nicos Gal\u00f3n<\/li><li id=\"item-326\">Cloro L\u00edquido Gal\u00f3n<\/li><li id=\"item-327\">Cera L\u00edquida Roja Gal\u00f3n<\/li><li id=\"item-328\">Champ\u00fa para Carros Gal\u00f3n<\/li><li id=\"item-329\" class=\"current active\">Cera L\u00edquida Blanca Gal\u00f3n<\/li><li id=\"item-330\">Limpiador de Cer\u00e1mica Gal\u00f3n<\/li><li id=\"item-331\">Detergente en Polvo 1000g<\/li><li id=\"item-332\">Detergente L\u00edquido para Ropa Gal\u00f3n<\/li><li id=\"item-333\" class=\"lastItem\">Desinfectante Gal\u00f3n<\/li><\/ul>\t\t\t\t\t\t\t\t<\/div>\n\t\t\t\t<\/div>\n\t\t\t\t<\/div>\n\t\t\t\t\t<\/div>\n\t\t\t\t<\/div>\n\t\t\t\t<\/div>\n\t\t","protected":false},"excerpt":{"rendered":"<p>L\u00ednea Duty institucional y de food service. La l\u00ednea m\u00e1s completa, al alcance de sus manos. Cera liquida, champ\u00fa para carros, cloro, desinfectante libre de nonil phenol, detergente l\u00edquido, detergente en polvo, limpiador de cer\u00e1mica, limpiador de vidrios, limpiador m\u00faltiple, desengrasante, crema para mec\u00e1nicos, jab\u00f3n l\u00edquido para manos, abrillantador de superficies, etc. PRODUCTOS Suavizante Gal\u00f3n [&hellip;]<\/p>\n","protected":false},"author":1,"featured_media":0,"parent":0,"menu_order":0,"comment_status":"closed","ping_status":"closed","template":"","meta":{"footnotes":""},"class_list":["post-1323","page","type-page","status-publish","hentry"],"_links":{"self":[{"href":"https:\/\/industrialequilab.com\/newsite\/wp-json\/wp\/v2\/pages\/1323","targetHints":{"allow":["GET"]}}],"collection":[{"href":"https:\/\/industrialequilab.com\/newsite\/wp-json\/wp\/v2\/pages"}],"about":[{"href":"https:\/\/industrialequilab.com\/newsite\/wp-json\/wp\/v2\/types\/page"}],"author":[{"embeddable":true,"href":"https:\/\/industrialequilab.com\/newsite\/wp-json\/wp\/v2\/users\/1"}],"replies":[{"embeddable":true,"href":"https:\/\/industrialequilab.com\/newsite\/wp-json\/wp\/v2\/comments?post=1323"}],"version-history":[{"count":4,"href":"https:\/\/industrialequilab.com\/newsite\/wp-json\/wp\/v2\/pages\/1323\/revisions"}],"predecessor-version":[{"id":1328,"href":"https:\/\/industrialequilab.com\/newsite\/wp-json\/wp\/v2\/pages\/1323\/revisions\/1328"}],"wp:attachment":[{"href":"https:\/\/industrialequilab.com\/newsite\/wp-json\/wp\/v2\/media?parent=1323"}],"curies":[{"name":"wp","href":"https:\/\/api.w.org\/{rel}","templated":true}]}}