{"id":1335,"date":"2025-03-11T13:43:30","date_gmt":"2025-03-11T19:43:30","guid":{"rendered":"https:\/\/industrialequilab.com\/newsite\/?page_id=1335"},"modified":"2025-03-11T13:44:45","modified_gmt":"2025-03-11T19:44:45","slug":"suntex","status":"publish","type":"page","link":"https:\/\/industrialequilab.com\/newsite\/suntex\/","title":{"rendered":"SUNTEX"},"content":{"rendered":"\t\t<div data-elementor-type=\"wp-page\" data-elementor-id=\"1335\" class=\"elementor elementor-1335\">\n\t\t\t\t<div class=\"elementor-element elementor-element-69a6d6e e-flex e-con-boxed e-con e-parent\" data-id=\"69a6d6e\" data-element_type=\"container\" data-settings=\"{&quot;jet_parallax_layout_list&quot;:[]}\">\n\t\t\t\t\t<div class=\"e-con-inner\">\n\t\t\t\t<div class=\"elementor-element elementor-element-16d6a3d elementor-widget elementor-widget-text-editor\" data-id=\"16d6a3d\" data-element_type=\"widget\" data-widget_type=\"text-editor.default\">\n\t\t\t\t<div class=\"elementor-widget-container\">\n\t\t\t\t\t\t\t\t\t<div class=\"wpb_column vc_column_container vc_col-sm-8\"><div class=\"vc_column-inner\"><div class=\"wpb_wrapper\"><div class=\"wpb_text_column wpb_content_element \"><div class=\"wpb_wrapper\"><p><strong>L\u00ednea Suntex lavander\u00eda.<\/strong> Excelente calidad a precio competitivo. Productos amigables con el ambiente.<\/p><\/div><\/div><\/div><\/div><\/div>\t\t\t\t\t\t\t\t<\/div>\n\t\t\t\t<\/div>\n\t\t\t\t\t<\/div>\n\t\t\t\t<\/div>\n\t\t<div class=\"elementor-element elementor-element-f2abf24 e-flex e-con-boxed e-con e-parent\" data-id=\"f2abf24\" data-element_type=\"container\" data-settings=\"{&quot;jet_parallax_layout_list&quot;:[]}\">\n\t\t\t\t\t<div class=\"e-con-inner\">\n\t\t<div class=\"elementor-element elementor-element-a05d093 e-con-full e-flex e-con e-child\" data-id=\"a05d093\" data-element_type=\"container\" data-settings=\"{&quot;jet_parallax_layout_list&quot;:[]}\">\n\t\t\t\t<div class=\"elementor-element elementor-element-9857598 elementor-widget elementor-widget-image\" data-id=\"9857598\" data-element_type=\"widget\" data-widget_type=\"image.default\">\n\t\t\t\t<div class=\"elementor-widget-container\">\n\t\t\t\t\t\t\t\t\t\t\t\t\t\t\t<img fetchpriority=\"high\" decoding=\"async\" width=\"940\" height=\"528\" src=\"https:\/\/industrialequilab.com\/newsite\/wp-content\/uploads\/2025\/03\/f4b6dca0e2911082f0eb6e1df1a0e11d.jpg\" class=\"attachment-large size-large wp-image-1341\" alt=\"\" srcset=\"https:\/\/industrialequilab.com\/newsite\/wp-content\/uploads\/2025\/03\/f4b6dca0e2911082f0eb6e1df1a0e11d.jpg 940w, https:\/\/industrialequilab.com\/newsite\/wp-content\/uploads\/2025\/03\/f4b6dca0e2911082f0eb6e1df1a0e11d-300x169.jpg 300w, https:\/\/industrialequilab.com\/newsite\/wp-content\/uploads\/2025\/03\/f4b6dca0e2911082f0eb6e1df1a0e11d-768x431.jpg 768w, https:\/\/industrialequilab.com\/newsite\/wp-content\/uploads\/2025\/03\/f4b6dca0e2911082f0eb6e1df1a0e11d-150x85.jpg 150w, https:\/\/industrialequilab.com\/newsite\/wp-content\/uploads\/2025\/03\/f4b6dca0e2911082f0eb6e1df1a0e11d-600x337.jpg 600w, https:\/\/industrialequilab.com\/newsite\/wp-content\/uploads\/2025\/03\/f4b6dca0e2911082f0eb6e1df1a0e11d-400x225.jpg 400w\" sizes=\"(max-width: 940px) 100vw, 940px\" \/>\t\t\t\t\t\t\t\t\t\t\t\t\t\t\t<\/div>\n\t\t\t\t<\/div>\n\t\t\t\t<\/div>\n\t\t<div class=\"elementor-element elementor-element-bd4a51d e-con-full e-flex e-con e-child\" data-id=\"bd4a51d\" data-element_type=\"container\" data-settings=\"{&quot;jet_parallax_layout_list&quot;:[]}\">\n\t\t\t\t<div class=\"elementor-element elementor-element-d8b7658 elementor-widget elementor-widget-heading\" data-id=\"d8b7658\" data-element_type=\"widget\" data-widget_type=\"heading.default\">\n\t\t\t\t<div class=\"elementor-widget-container\">\n\t\t\t\t\t<h4 class=\"elementor-heading-title elementor-size-default\">PRODUCTOS<\/h4>\t\t\t\t<\/div>\n\t\t\t\t<\/div>\n\t\t\t\t<div class=\"elementor-element elementor-element-445fe95 elementor-widget elementor-widget-text-editor\" data-id=\"445fe95\" data-element_type=\"widget\" data-widget_type=\"text-editor.default\">\n\t\t\t\t<div class=\"elementor-widget-container\">\n\t\t\t\t\t\t\t\t\t<ul><li id=\"item-334\" class=\"firstItem\">Suavizante de Ropa Gal\u00f3n<\/li><li id=\"item-335\">Suavizante de Ropa 450ml<\/li><li id=\"item-337\">Detergente Suntex 2000gr<\/li><li id=\"item-336\">Detergente Suntex 1000gr<\/li><li id=\"item-338\">Detergente Suntex 500gr<\/li><li id=\"item-340\">Detergente Suntex 250gr<\/li><li id=\"item-339\" class=\"current active lastItem\">Crema Quitagrasa 1000g<\/li><\/ul>\t\t\t\t\t\t\t\t<\/div>\n\t\t\t\t<\/div>\n\t\t\t\t<\/div>\n\t\t\t\t\t<\/div>\n\t\t\t\t<\/div>\n\t\t\t\t<\/div>\n\t\t","protected":false},"excerpt":{"rendered":"<p>L\u00ednea Suntex lavander\u00eda. Excelente calidad a precio competitivo. Productos amigables con el ambiente. PRODUCTOS Suavizante de Ropa Gal\u00f3n Suavizante de Ropa 450ml Detergente Suntex 2000gr Detergente Suntex 1000gr Detergente Suntex 500gr Detergente Suntex 250gr Crema Quitagrasa 1000g<\/p>\n","protected":false},"author":1,"featured_media":0,"parent":0,"menu_order":0,"comment_status":"closed","ping_status":"closed","template":"","meta":{"footnotes":""},"class_list":["post-1335","page","type-page","status-publish","hentry"],"_links":{"self":[{"href":"https:\/\/industrialequilab.com\/newsite\/wp-json\/wp\/v2\/pages\/1335","targetHints":{"allow":["GET"]}}],"collection":[{"href":"https:\/\/industrialequilab.com\/newsite\/wp-json\/wp\/v2\/pages"}],"about":[{"href":"https:\/\/industrialequilab.com\/newsite\/wp-json\/wp\/v2\/types\/page"}],"author":[{"embeddable":true,"href":"https:\/\/industrialequilab.com\/newsite\/wp-json\/wp\/v2\/users\/1"}],"replies":[{"embeddable":true,"href":"https:\/\/industrialequilab.com\/newsite\/wp-json\/wp\/v2\/comments?post=1335"}],"version-history":[{"count":7,"href":"https:\/\/industrialequilab.com\/newsite\/wp-json\/wp\/v2\/pages\/1335\/revisions"}],"predecessor-version":[{"id":1344,"href":"https:\/\/industrialequilab.com\/newsite\/wp-json\/wp\/v2\/pages\/1335\/revisions\/1344"}],"wp:attachment":[{"href":"https:\/\/industrialequilab.com\/newsite\/wp-json\/wp\/v2\/media?parent=1335"}],"curies":[{"name":"wp","href":"https:\/\/api.w.org\/{rel}","templated":true}]}}