{"id":1655,"date":"2025-05-22T15:34:37","date_gmt":"2025-05-22T21:34:37","guid":{"rendered":"https:\/\/industrialequilab.com\/newsite\/?page_id=1655"},"modified":"2025-05-22T15:36:45","modified_gmt":"2025-05-22T21:36:45","slug":"registro","status":"publish","type":"page","link":"https:\/\/industrialequilab.com\/newsite\/registro\/","title":{"rendered":"Registro"},"content":{"rendered":"\t\t<div data-elementor-type=\"wp-page\" data-elementor-id=\"1655\" class=\"elementor elementor-1655\">\n\t\t\t\t<div class=\"elementor-element elementor-element-6b6a249 e-flex e-con-boxed e-con e-parent\" data-id=\"6b6a249\" data-element_type=\"container\" data-settings=\"{&quot;jet_parallax_layout_list&quot;:[]}\">\n\t\t\t\t\t<div class=\"e-con-inner\">\n\t\t<div class=\"elementor-element elementor-element-506449d e-con-full e-flex e-con e-child\" data-id=\"506449d\" data-element_type=\"container\" data-settings=\"{&quot;jet_parallax_layout_list&quot;:[]}\">\n\t\t\t\t<\/div>\n\t\t<div class=\"elementor-element elementor-element-3058b61 e-con-full e-flex e-con e-child\" data-id=\"3058b61\" data-element_type=\"container\" data-settings=\"{&quot;jet_parallax_layout_list&quot;:[]}\">\n\t\t\t\t<div class=\"elementor-element elementor-element-e7b87d9 elementor-widget elementor-widget-jet-register\" data-id=\"e7b87d9\" data-element_type=\"widget\" data-widget_type=\"jet-register.default\">\n\t\t\t\t<div class=\"elementor-widget-container\">\n\t\t\t\t\t<div class=\"elementor-jet-register jet-blocks\">Registration disabled<\/div>\t\t\t\t<\/div>\n\t\t\t\t<\/div>\n\t\t\t\t<div class=\"elementor-element elementor-element-982bb84 elementor-widget elementor-widget-spacer\" data-id=\"982bb84\" data-element_type=\"widget\" data-widget_type=\"spacer.default\">\n\t\t\t\t<div class=\"elementor-widget-container\">\n\t\t\t\t\t\t\t<div class=\"elementor-spacer\">\n\t\t\t<div class=\"elementor-spacer-inner\"><\/div>\n\t\t<\/div>\n\t\t\t\t\t\t<\/div>\n\t\t\t\t<\/div>\n\t\t\t\t<\/div>\n\t\t<div class=\"elementor-element elementor-element-3aa60eb e-con-full e-flex e-con e-child\" data-id=\"3aa60eb\" data-element_type=\"container\" data-settings=\"{&quot;jet_parallax_layout_list&quot;:[]}\">\n\t\t\t\t<\/div>\n\t\t\t\t\t<\/div>\n\t\t\t\t<\/div>\n\t\t\t\t<\/div>\n\t\t","protected":false},"excerpt":{"rendered":"<p>Registration currently disabled and this form will not be visible for guest users. Please, enable registration in Settings\/General or remove this widget from the page. Usuario Correo electr\u00f3nico Contrase\u00f1a Por favor confirme su contrase\u00f1a Estoy de acuerdo con los t\u00e9rminos y condiciones y la pol\u00edtica de privacidad. Registro<\/p>\n","protected":false},"author":1,"featured_media":0,"parent":0,"menu_order":0,"comment_status":"closed","ping_status":"closed","template":"","meta":{"footnotes":""},"class_list":["post-1655","page","type-page","status-publish","hentry"],"_links":{"self":[{"href":"https:\/\/industrialequilab.com\/newsite\/wp-json\/wp\/v2\/pages\/1655","targetHints":{"allow":["GET"]}}],"collection":[{"href":"https:\/\/industrialequilab.com\/newsite\/wp-json\/wp\/v2\/pages"}],"about":[{"href":"https:\/\/industrialequilab.com\/newsite\/wp-json\/wp\/v2\/types\/page"}],"author":[{"embeddable":true,"href":"https:\/\/industrialequilab.com\/newsite\/wp-json\/wp\/v2\/users\/1"}],"replies":[{"embeddable":true,"href":"https:\/\/industrialequilab.com\/newsite\/wp-json\/wp\/v2\/comments?post=1655"}],"version-history":[{"count":4,"href":"https:\/\/industrialequilab.com\/newsite\/wp-json\/wp\/v2\/pages\/1655\/revisions"}],"predecessor-version":[{"id":1659,"href":"https:\/\/industrialequilab.com\/newsite\/wp-json\/wp\/v2\/pages\/1655\/revisions\/1659"}],"wp:attachment":[{"href":"https:\/\/industrialequilab.com\/newsite\/wp-json\/wp\/v2\/media?parent=1655"}],"curies":[{"name":"wp","href":"https:\/\/api.w.org\/{rel}","templated":true}]}}