{"id":1227,"date":"2025-03-11T12:56:37","date_gmt":"2025-03-11T18:56:37","guid":{"rendered":"https:\/\/industrialequilab.com\/newsite\/?post_type=product&#038;p=1227"},"modified":"2025-03-24T14:01:19","modified_gmt":"2025-03-24T20:01:19","slug":"desinfectante-detsan-floral-gl","status":"publish","type":"product","link":"https:\/\/industrialequilab.com\/newsite\/tienda\/detsan\/desinfectante-detsan-floral-gl\/","title":{"rendered":"DESINFECTANTE DETSAN FLORAL GL"},"content":{"rendered":"<p>floral<\/p>\n","protected":false},"excerpt":{"rendered":"<p>para la desinfecci\u00f3n de superficies, mata el 99.9% de los g\u00e9rmenes, bacterias y virus, para ser usado en ba\u00f1os, cocinas, \u00e1reas de juego, ropa y textiles, dejando siempre un agradable aroma floral<\/p>\n","protected":false},"featured_media":1405,"comment_status":"open","ping_status":"closed","template":"","meta":[],"product_brand":[115],"product_cat":[74],"product_tag":[101],"class_list":{"0":"post-1227","1":"product","2":"type-product","3":"status-publish","4":"has-post-thumbnail","6":"product_brand-detsan","7":"product_cat-detsan","8":"product_tag-limpiador-desinfectante","10":"first","11":"instock","12":"taxable","13":"shipping-taxable","14":"purchasable","15":"product-type-simple"},"_links":{"self":[{"href":"https:\/\/industrialequilab.com\/newsite\/wp-json\/wp\/v2\/product\/1227","targetHints":{"allow":["GET"]}}],"collection":[{"href":"https:\/\/industrialequilab.com\/newsite\/wp-json\/wp\/v2\/product"}],"about":[{"href":"https:\/\/industrialequilab.com\/newsite\/wp-json\/wp\/v2\/types\/product"}],"replies":[{"embeddable":true,"href":"https:\/\/industrialequilab.com\/newsite\/wp-json\/wp\/v2\/comments?post=1227"}],"version-history":[{"count":2,"href":"https:\/\/industrialequilab.com\/newsite\/wp-json\/wp\/v2\/product\/1227\/revisions"}],"predecessor-version":[{"id":1424,"href":"https:\/\/industrialequilab.com\/newsite\/wp-json\/wp\/v2\/product\/1227\/revisions\/1424"}],"wp:featuredmedia":[{"embeddable":true,"href":"https:\/\/industrialequilab.com\/newsite\/wp-json\/wp\/v2\/media\/1405"}],"wp:attachment":[{"href":"https:\/\/industrialequilab.com\/newsite\/wp-json\/wp\/v2\/media?parent=1227"}],"wp:term":[{"taxonomy":"product_brand","embeddable":true,"href":"https:\/\/industrialequilab.com\/newsite\/wp-json\/wp\/v2\/product_brand?post=1227"},{"taxonomy":"product_cat","embeddable":true,"href":"https:\/\/industrialequilab.com\/newsite\/wp-json\/wp\/v2\/product_cat?post=1227"},{"taxonomy":"product_tag","embeddable":true,"href":"https:\/\/industrialequilab.com\/newsite\/wp-json\/wp\/v2\/product_tag?post=1227"}],"curies":[{"name":"wp","href":"https:\/\/api.w.org\/{rel}","templated":true}]}}