{"id":1231,"date":"2025-03-11T12:56:39","date_gmt":"2025-03-11T18:56:39","guid":{"rendered":"https:\/\/industrialequilab.com\/newsite\/?post_type=product&#038;p=1231"},"modified":"2025-03-24T13:59:51","modified_gmt":"2025-03-24T19:59:51","slug":"desinfectante-detsan-limon-gl","status":"publish","type":"product","link":"https:\/\/industrialequilab.com\/newsite\/tienda\/detsan\/desinfectante-detsan-limon-gl\/","title":{"rendered":"DESINFECTANTE DETSAN LIMON GL"},"content":{"rendered":"<p>lim\u00f3n<\/p>\n","protected":false},"excerpt":{"rendered":"<p>para la desinfecci\u00f3n de superficies, mata el 99.9% de los g\u00e9rmenes, bacterias y virus, para ser usado en ba\u00f1os, cocinas, \u00e1reas de juego, ropa y textiles, dejando siempre un agradable aroma a lim\u00f3n<\/p>\n","protected":false},"featured_media":1407,"comment_status":"open","ping_status":"closed","template":"","meta":[],"product_brand":[115],"product_cat":[74],"product_tag":[101],"class_list":{"0":"post-1231","1":"product","2":"type-product","3":"status-publish","4":"has-post-thumbnail","6":"product_brand-detsan","7":"product_cat-detsan","8":"product_tag-limpiador-desinfectante","10":"first","11":"instock","12":"taxable","13":"shipping-taxable","14":"purchasable","15":"product-type-simple"},"_links":{"self":[{"href":"https:\/\/industrialequilab.com\/newsite\/wp-json\/wp\/v2\/product\/1231","targetHints":{"allow":["GET"]}}],"collection":[{"href":"https:\/\/industrialequilab.com\/newsite\/wp-json\/wp\/v2\/product"}],"about":[{"href":"https:\/\/industrialequilab.com\/newsite\/wp-json\/wp\/v2\/types\/product"}],"replies":[{"embeddable":true,"href":"https:\/\/industrialequilab.com\/newsite\/wp-json\/wp\/v2\/comments?post=1231"}],"version-history":[{"count":1,"href":"https:\/\/industrialequilab.com\/newsite\/wp-json\/wp\/v2\/product\/1231\/revisions"}],"predecessor-version":[{"id":1232,"href":"https:\/\/industrialequilab.com\/newsite\/wp-json\/wp\/v2\/product\/1231\/revisions\/1232"}],"wp:featuredmedia":[{"embeddable":true,"href":"https:\/\/industrialequilab.com\/newsite\/wp-json\/wp\/v2\/media\/1407"}],"wp:attachment":[{"href":"https:\/\/industrialequilab.com\/newsite\/wp-json\/wp\/v2\/media?parent=1231"}],"wp:term":[{"taxonomy":"product_brand","embeddable":true,"href":"https:\/\/industrialequilab.com\/newsite\/wp-json\/wp\/v2\/product_brand?post=1231"},{"taxonomy":"product_cat","embeddable":true,"href":"https:\/\/industrialequilab.com\/newsite\/wp-json\/wp\/v2\/product_cat?post=1231"},{"taxonomy":"product_tag","embeddable":true,"href":"https:\/\/industrialequilab.com\/newsite\/wp-json\/wp\/v2\/product_tag?post=1231"}],"curies":[{"name":"wp","href":"https:\/\/api.w.org\/{rel}","templated":true}]}}