{"id":1247,"date":"2025-03-11T12:56:46","date_gmt":"2025-03-11T18:56:46","guid":{"rendered":"https:\/\/industrialequilab.com\/newsite\/?post_type=product&#038;p=1247"},"modified":"2025-05-21T09:48:47","modified_gmt":"2025-05-21T15:48:47","slug":"detergente-essens-liquido-1-8-litros-tapa-dosificadora","status":"publish","type":"product","link":"https:\/\/industrialequilab.com\/newsite\/tienda\/essens\/detergente-essens-liquido-1-8-litros-tapa-dosificadora\/","title":{"rendered":"DETERGENTE ESSENS LIQUIDO 1.8 Litros TAPA DOSIFICADORA"},"content":{"rendered":"<p>algod\u00f3n limpio<\/p>\n","protected":false},"excerpt":{"rendered":"<p>Para el lavado de ropa, reforzado con abrillantador \u00f3ptico para colores m\u00e1s brillantes y blancos m\u00e1s blancos, remueve suciedad, manchas y olores sin maltratar sus prendas y telas.<\/p>\n","protected":false},"featured_media":1529,"comment_status":"open","ping_status":"closed","template":"","meta":[],"product_brand":[117],"product_cat":[76],"product_tag":[102],"class_list":{"0":"post-1247","1":"product","2":"type-product","3":"status-publish","4":"has-post-thumbnail","6":"product_brand-essens","7":"product_cat-essens","8":"product_tag-detergente-liquido","10":"first","11":"instock","12":"taxable","13":"shipping-taxable","14":"purchasable","15":"product-type-simple"},"_links":{"self":[{"href":"https:\/\/industrialequilab.com\/newsite\/wp-json\/wp\/v2\/product\/1247","targetHints":{"allow":["GET"]}}],"collection":[{"href":"https:\/\/industrialequilab.com\/newsite\/wp-json\/wp\/v2\/product"}],"about":[{"href":"https:\/\/industrialequilab.com\/newsite\/wp-json\/wp\/v2\/types\/product"}],"replies":[{"embeddable":true,"href":"https:\/\/industrialequilab.com\/newsite\/wp-json\/wp\/v2\/comments?post=1247"}],"version-history":[{"count":1,"href":"https:\/\/industrialequilab.com\/newsite\/wp-json\/wp\/v2\/product\/1247\/revisions"}],"predecessor-version":[{"id":1248,"href":"https:\/\/industrialequilab.com\/newsite\/wp-json\/wp\/v2\/product\/1247\/revisions\/1248"}],"wp:featuredmedia":[{"embeddable":true,"href":"https:\/\/industrialequilab.com\/newsite\/wp-json\/wp\/v2\/media\/1529"}],"wp:attachment":[{"href":"https:\/\/industrialequilab.com\/newsite\/wp-json\/wp\/v2\/media?parent=1247"}],"wp:term":[{"taxonomy":"product_brand","embeddable":true,"href":"https:\/\/industrialequilab.com\/newsite\/wp-json\/wp\/v2\/product_brand?post=1247"},{"taxonomy":"product_cat","embeddable":true,"href":"https:\/\/industrialequilab.com\/newsite\/wp-json\/wp\/v2\/product_cat?post=1247"},{"taxonomy":"product_tag","embeddable":true,"href":"https:\/\/industrialequilab.com\/newsite\/wp-json\/wp\/v2\/product_tag?post=1247"}],"curies":[{"name":"wp","href":"https:\/\/api.w.org\/{rel}","templated":true}]}}